{"id":27201,"date":"2022-03-14T09:23:59","date_gmt":"2022-03-14T08:23:59","guid":{"rendered":"http:\/\/urquijo.fr\/webradio\/?page_id=27201"},"modified":"2022-09-14T10:46:43","modified_gmt":"2022-09-14T08:46:43","slug":"la-personnalite-du-mois","status":"publish","type":"page","link":"https:\/\/urquijo.fr\/webradio\/la-personnalite-du-mois\/","title":{"rendered":"La personnalit\u00e9 du mois"},"content":{"rendered":"<p>[et_pb_section fb_built=\u00a0\u00bb1&Prime; _builder_version=\u00a0\u00bb4.16&Prime; _module_preset=\u00a0\u00bbdefault\u00a0\u00bb global_colors_info=\u00a0\u00bb{}\u00a0\u00bb][et_pb_row _builder_version=\u00a0\u00bb4.16&Prime; _module_preset=\u00a0\u00bbdefault\u00a0\u00bb width=\u00a0\u00bb100%\u00a0\u00bb global_colors_info=\u00a0\u00bb{}\u00a0\u00bb][et_pb_column type=\u00a0\u00bb4_4&Prime; _builder_version=\u00a0\u00bb4.16&Prime; _module_preset=\u00a0\u00bbdefault\u00a0\u00bb global_colors_info=\u00a0\u00bb{}\u00a0\u00bb][et_pb_slider use_bg_overlay=\u00a0\u00bboff\u00a0\u00bb _builder_version=\u00a0\u00bb4.17.4&Prime; _module_preset=\u00a0\u00bbdefault\u00a0\u00bb custom_padding=\u00a0\u00bb135px|||||\u00a0\u00bb border_radii=\u00a0\u00bbon|18px|18px|18px|18px\u00a0\u00bb border_radii_image=\u00a0\u00bbon|6px|6px|6px|6px\u00a0\u00bb box_shadow_style_image=\u00a0\u00bbpreset1&Prime; global_colors_info=\u00a0\u00bb{}\u00a0\u00bb][et_pb_slide heading=\u00a0\u00bbA la rencontre de personnalit\u00e9s\u00a0\u00bb use_bg_overlay=\u00a0\u00bbon\u00a0\u00bb use_text_overlay=\u00a0\u00bboff\u00a0\u00bb _builder_version=\u00a0\u00bb4.17.4&Prime; _module_preset=\u00a0\u00bbdefault\u00a0\u00bb background_color=\u00a0\u00bbRGBA(0,0,0,0)\u00a0\u00bb background_enable_color=\u00a0\u00bbon\u00a0\u00bb background_image=\u00a0\u00bbhttp:\/\/urquijo.fr\/webradio\/wp-content\/uploads\/2022\/03\/pexels-craig-adderley-1727659.jpg\u00a0\u00bb background_enable_image=\u00a0\u00bbon\u00a0\u00bb global_colors_info=\u00a0\u00bb{}\u00a0\u00bb sticky_transition=\u00a0\u00bbon\u00a0\u00bb][\/et_pb_slide][\/et_pb_slider][\/et_pb_column][\/et_pb_row][et_pb_row _builder_version=\u00a0\u00bb4.16&Prime; _module_preset=\u00a0\u00bbdefault\u00a0\u00bb global_colors_info=\u00a0\u00bb{}\u00a0\u00bb][et_pb_column type=\u00a0\u00bb4_4&Prime; _builder_version=\u00a0\u00bb4.16&Prime; _module_preset=\u00a0\u00bbdefault\u00a0\u00bb global_colors_info=\u00a0\u00bb{}\u00a0\u00bb][et_pb_text _builder_version=\u00a0\u00bb4.17.4&Prime; _module_preset=\u00a0\u00bbdefault\u00a0\u00bb text_font_size=\u00a0\u00bb18px\u00a0\u00bb text_orientation=\u00a0\u00bbcenter\u00a0\u00bb hover_enabled=\u00a0\u00bb0&Prime; global_colors_info=\u00a0\u00bb{}\u00a0\u00bb sticky_enabled=\u00a0\u00bb0&Prime;]<\/p>\n<p>Cette page vous propose de d\u00e9couvrir l\u2019ensemble des \u00e9missions \u00ab\u00a0A la rencontre de personnalit\u00e9s\u00a0\u00bb.<\/p>\n<p>L&rsquo;occasion pour les familles et les \u00e9l\u00e8ves de d\u00e9couvrir une personnalit\u00e9 locale.<\/p>\n<p>Bonne d\u00e9couverte\u2026<\/p>\n<p>[\/et_pb_text][\/et_pb_column][\/et_pb_row][et_pb_row _builder_version=\u00a0\u00bb4.16&Prime; _module_preset=\u00a0\u00bbdefault\u00a0\u00bb global_colors_info=\u00a0\u00bb{}\u00a0\u00bb][et_pb_column type=\u00a0\u00bb4_4&Prime; _builder_version=\u00a0\u00bb4.16&Prime; _module_preset=\u00a0\u00bbdefault\u00a0\u00bb global_colors_info=\u00a0\u00bb{}\u00a0\u00bb][et_pb_blog fullwidth=\u00a0\u00bboff\u00a0\u00bb posts_number=\u00a0\u00bb12&Prime; include_categories=\u00a0\u00bb32&Prime; show_author=\u00a0\u00bboff\u00a0\u00bb show_date=\u00a0\u00bboff\u00a0\u00bb show_categories=\u00a0\u00bboff\u00a0\u00bb show_excerpt=\u00a0\u00bboff\u00a0\u00bb _builder_version=\u00a0\u00bb4.16&Prime; _module_preset=\u00a0\u00bbdefault\u00a0\u00bb text_orientation=\u00a0\u00bbcenter\u00a0\u00bb border_width_all=\u00a0\u00bb0px\u00a0\u00bb border_radii_image=\u00a0\u00bbon|627px|627px|627px|627px\u00a0\u00bb global_colors_info=\u00a0\u00bb{}\u00a0\u00bb][\/et_pb_blog][\/et_pb_column][\/et_pb_row][\/et_pb_section]<\/p>\n","protected":false},"excerpt":{"rendered":"<p>Cette page vous propose de d\u00e9couvrir l\u2019ensemble des \u00e9missions \u00ab\u00a0A la rencontre de personnalit\u00e9s\u00a0\u00bb. L&rsquo;occasion pour les familles et les \u00e9l\u00e8ves de d\u00e9couvrir une personnalit\u00e9 locale. Bonne d\u00e9couverte\u2026<\/p>\n","protected":false},"author":1,"featured_media":27203,"parent":0,"menu_order":0,"comment_status":"closed","ping_status":"closed","template":"","meta":{"_et_pb_use_builder":"on","_et_pb_old_content":"","_et_gb_content_width":"","spay_email":"","footnotes":""},"class_list":["post-27201","page","type-page","status-publish","has-post-thumbnail","hentry"],"_links":{"self":[{"href":"https:\/\/urquijo.fr\/webradio\/wp-json\/wp\/v2\/pages\/27201","targetHints":{"allow":["GET"]}}],"collection":[{"href":"https:\/\/urquijo.fr\/webradio\/wp-json\/wp\/v2\/pages"}],"about":[{"href":"https:\/\/urquijo.fr\/webradio\/wp-json\/wp\/v2\/types\/page"}],"author":[{"embeddable":true,"href":"https:\/\/urquijo.fr\/webradio\/wp-json\/wp\/v2\/users\/1"}],"replies":[{"embeddable":true,"href":"https:\/\/urquijo.fr\/webradio\/wp-json\/wp\/v2\/comments?post=27201"}],"version-history":[{"count":5,"href":"https:\/\/urquijo.fr\/webradio\/wp-json\/wp\/v2\/pages\/27201\/revisions"}],"predecessor-version":[{"id":27836,"href":"https:\/\/urquijo.fr\/webradio\/wp-json\/wp\/v2\/pages\/27201\/revisions\/27836"}],"wp:featuredmedia":[{"embeddable":true,"href":"https:\/\/urquijo.fr\/webradio\/wp-json\/wp\/v2\/media\/27203"}],"wp:attachment":[{"href":"https:\/\/urquijo.fr\/webradio\/wp-json\/wp\/v2\/media?parent=27201"}],"curies":[{"name":"wp","href":"https:\/\/api.w.org\/{rel}","templated":true}]}}